{"id":1714,"date":"2022-01-11T21:12:34","date_gmt":"2022-01-11T21:12:34","guid":{"rendered":"http:\/\/flushhh.com\/?page_id=1714"},"modified":"2023-06-09T13:45:29","modified_gmt":"2023-06-09T13:45:29","slug":"bestil","status":"publish","type":"page","link":"https:\/\/flushhh.com\/en\/bestil\/","title":{"rendered":"Bestil"},"content":{"rendered":"\t\t<div data-elementor-type=\"wp-page\" data-elementor-id=\"1714\" class=\"elementor elementor-1714\" data-elementor-post-type=\"page\">\n\t\t\t\t\t\t<section class=\"has_eae_slider elementor-section elementor-top-section elementor-element elementor-element-5eace49 elementor-section-boxed elementor-section-height-default elementor-section-height-default\" data-eae-slider=\"8952\" data-id=\"5eace49\" data-element_type=\"section\" data-e-type=\"section\">\n\t\t\t\t\t\t<div class=\"elementor-container elementor-column-gap-default\">\n\t\t\t\t\t<div class=\"has_eae_slider elementor-column elementor-col-100 elementor-top-column elementor-element elementor-element-9432fc5\" data-eae-slider=\"61504\" data-id=\"9432fc5\" data-element_type=\"column\" data-e-type=\"column\">\n\t\t\t<div class=\"elementor-widget-wrap elementor-element-populated\">\n\t\t\t\t\t\t<div class=\"elementor-element elementor-element-7fa4285 elementor-widget elementor-widget-heading\" data-id=\"7fa4285\" data-element_type=\"widget\" data-e-type=\"widget\" data-widget_type=\"heading.default\">\n\t\t\t\t<div class=\"elementor-widget-container\">\n\t\t\t\t\t<h2 class=\"elementor-heading-title elementor-size-default\">BESTIL FLUSHHH<\/h2>\t\t\t\t<\/div>\n\t\t\t\t<\/div>\n\t\t\t\t\t<\/div>\n\t\t<\/div>\n\t\t\t\t\t<\/div>\n\t\t<\/section>\n\t\t\t\t<section class=\"has_eae_slider elementor-section elementor-top-section elementor-element elementor-element-fd3c223 elementor-section-boxed elementor-section-height-default elementor-section-height-default\" data-eae-slider=\"25994\" data-id=\"fd3c223\" data-element_type=\"section\" data-e-type=\"section\">\n\t\t\t\t\t\t<div class=\"elementor-container elementor-column-gap-default\">\n\t\t\t\t\t<div class=\"has_eae_slider elementor-column elementor-col-100 elementor-top-column elementor-element elementor-element-81248b7\" data-eae-slider=\"61041\" data-id=\"81248b7\" data-element_type=\"column\" data-e-type=\"column\">\n\t\t\t<div class=\"elementor-widget-wrap elementor-element-populated\">\n\t\t\t\t\t\t<div class=\"elementor-element elementor-element-684ab8f elementor-widget elementor-widget-text-editor\" data-id=\"684ab8f\" data-element_type=\"widget\" data-e-type=\"widget\" data-widget_type=\"text-editor.default\">\n\t\t\t\t<div class=\"elementor-widget-container\">\n\t\t\t\t\t\t\t\t\t<p>Udfyld venligst kontaktformularen hvis du vil bestille FLUSHHH <\/p>\t\t\t\t\t\t\t\t<\/div>\n\t\t\t\t<\/div>\n\t\t\t\t<div class=\"elementor-element elementor-element-a7fc933 elementor-button-align-start elementor-widget elementor-widget-form\" data-id=\"a7fc933\" data-element_type=\"widget\" data-e-type=\"widget\" data-settings=\"{&quot;step_next_label&quot;:&quot;N\\u00e6ste&quot;,&quot;step_previous_label&quot;:&quot;Tidligere&quot;,&quot;button_width&quot;:&quot;100&quot;,&quot;step_type&quot;:&quot;number_text&quot;,&quot;step_icon_shape&quot;:&quot;circle&quot;}\" data-widget_type=\"form.default\">\n\t\t\t\t<div class=\"elementor-widget-container\">\n\t\t\t\t\t\t\t<form class=\"elementor-form\" method=\"post\" name=\"New Form\" aria-label=\"New Form\">\n\t\t\t<input type=\"hidden\" name=\"post_id\" value=\"1714\"\/>\n\t\t\t<input type=\"hidden\" name=\"form_id\" value=\"a7fc933\"\/>\n\t\t\t<input type=\"hidden\" name=\"referer_title\" value=\"Bestil - Flushhh - Lugtfrit . Lydd\u00e6mpet . Trygt\" \/>\n\n\t\t\t\t\t\t\t<input type=\"hidden\" name=\"queried_id\" value=\"1714\"\/>\n\t\t\t\n\t\t\t<div class=\"elementor-form-fields-wrapper elementor-labels-\">\n\t\t\t\t\t\t\t\t<div class=\"elementor-field-type-text elementor-field-group elementor-column elementor-field-group-field_9f3b28d elementor-col-50\">\n\t\t\t\t\t\t\t\t\t\t\t\t<label for=\"form-field-field_9f3b28d\" class=\"elementor-field-label elementor-screen-only\">\n\t\t\t\t\t\t\t\tName\t\t\t\t\t\t\t<\/label>\n\t\t\t\t\t\t\t\t\t\t\t\t\t\t<input size=\"1\" type=\"text\" name=\"form_fields[field_9f3b28d]\" id=\"form-field-field_9f3b28d\" class=\"elementor-field elementor-size-sm  elementor-field-textual\" placeholder=\"Firmanavn\">\n\t\t\t\t\t\t\t\t\t\t\t<\/div>\n\t\t\t\t\t\t\t\t<div class=\"elementor-field-type-text elementor-field-group elementor-column elementor-field-group-field_e8331fe elementor-col-50\">\n\t\t\t\t\t\t\t\t\t\t\t\t<label for=\"form-field-field_e8331fe\" class=\"elementor-field-label elementor-screen-only\">\n\t\t\t\t\t\t\t\tName\t\t\t\t\t\t\t<\/label>\n\t\t\t\t\t\t\t\t\t\t\t\t\t\t<input size=\"1\" type=\"text\" name=\"form_fields[field_e8331fe]\" id=\"form-field-field_e8331fe\" class=\"elementor-field elementor-size-sm  elementor-field-textual\" placeholder=\"Kontaktperson\">\n\t\t\t\t\t\t\t\t\t\t\t<\/div>\n\t\t\t\t\t\t\t\t<div class=\"elementor-field-type-email elementor-field-group elementor-column elementor-field-group-email elementor-col-50 elementor-field-required\">\n\t\t\t\t\t\t\t\t\t\t\t\t<label for=\"form-field-email\" class=\"elementor-field-label elementor-screen-only\">\n\t\t\t\t\t\t\t\tEmail\t\t\t\t\t\t\t<\/label>\n\t\t\t\t\t\t\t\t\t\t\t\t\t\t<input size=\"1\" type=\"email\" name=\"form_fields[email]\" id=\"form-field-email\" class=\"elementor-field elementor-size-sm  elementor-field-textual\" placeholder=\"Mail\" required=\"required\">\n\t\t\t\t\t\t\t\t\t\t\t<\/div>\n\t\t\t\t\t\t\t\t<div class=\"elementor-field-type-tel elementor-field-group elementor-column elementor-field-group-field_03e1f75 elementor-col-50 elementor-field-required\">\n\t\t\t\t\t\t\t\t\t\t\t\t<label for=\"form-field-field_03e1f75\" class=\"elementor-field-label elementor-screen-only\">\n\t\t\t\t\t\t\t\tTelefon\t\t\t\t\t\t\t<\/label>\n\t\t\t\t\t\t\t\t<input size=\"1\" type=\"tel\" name=\"form_fields[field_03e1f75]\" id=\"form-field-field_03e1f75\" class=\"elementor-field elementor-size-sm  elementor-field-textual\" placeholder=\"Telefon\" required=\"required\" pattern=\"[0-9()#&amp;+*-=.]+\" title=\"Please only use numbers.\">\n\n\t\t\t\t\t\t<\/div>\n\t\t\t\t\t\t\t\t<div class=\"elementor-field-type-textarea elementor-field-group elementor-column elementor-field-group-message elementor-col-100\">\n\t\t\t\t\t\t\t\t\t\t\t\t<label for=\"form-field-message\" class=\"elementor-field-label elementor-screen-only\">\n\t\t\t\t\t\t\t\tMessage\t\t\t\t\t\t\t<\/label>\n\t\t\t\t\t\t<textarea class=\"elementor-field-textual elementor-field  elementor-size-sm\" name=\"form_fields[message]\" id=\"form-field-message\" rows=\"4\" placeholder=\"Besked\"><\/textarea>\t\t\t\t<\/div>\n\t\t\t\t\t\t\t\t<div class=\"elementor-field-type-text\">\n\t\t\t\t\t<input size=\"1\" type=\"text\" name=\"form_fields[field_12e0779]\" id=\"form-field-field_12e0779\" class=\"elementor-field elementor-size-sm \" style=\"display:none !important;\">\t\t\t\t<\/div>\n\t\t\t\t\t\t\t\t<div class=\"elementor-field-group elementor-column elementor-field-type-submit elementor-col-100 e-form__buttons\">\n\t\t\t\t\t<button class=\"elementor-button elementor-size-sm elementor-animation-grow\" type=\"submit\">\n\t\t\t\t\t\t<span class=\"elementor-button-content-wrapper\">\n\t\t\t\t\t\t\t\t\t\t\t\t\t\t\t\t\t\t\t\t\t\t<span class=\"elementor-button-text\">SEND<\/span>\n\t\t\t\t\t\t\t\t\t\t\t\t\t<\/span>\n\t\t\t\t\t<\/button>\n\t\t\t\t<\/div>\n\t\t\t<\/div>\n\t\t<\/form>\n\t\t\t\t\t\t<\/div>\n\t\t\t\t<\/div>\n\t\t\t\t\t<\/div>\n\t\t<\/div>\n\t\t\t\t\t<\/div>\n\t\t<\/section>\n\t\t\t\t<\/div>\n\t\t","protected":false},"excerpt":{"rendered":"<p>BESTIL FLUSHHH Udfyld venligst kontaktformularen hvis du vil bestille FLUSHHH<\/p>","protected":false},"author":6,"featured_media":0,"parent":0,"menu_order":0,"comment_status":"closed","ping_status":"closed","template":"elementor_header_footer","meta":{"footnotes":""},"wf_page_folders":[],"class_list":["post-1714","page","type-page","status-publish","hentry"],"yoast_head":"<!-- This site is optimized with the Yoast SEO plugin v27.4 - https:\/\/yoast.com\/product\/yoast-seo-wordpress\/ -->\n<title>Bestil - Flushhh - Lugtfrit . Lydd\u00e6mpet . Trygt<\/title>\n<meta name=\"robots\" content=\"index, follow, max-snippet:-1, max-image-preview:large, max-video-preview:-1\" \/>\n<link rel=\"canonical\" href=\"https:\/\/flushhh.com\/en\/bestil\/\" \/>\n<meta property=\"og:locale\" content=\"en_GB\" \/>\n<meta property=\"og:type\" content=\"article\" \/>\n<meta property=\"og:title\" content=\"Bestil - Flushhh - Lugtfrit . Lydd\u00e6mpet . Trygt\" \/>\n<meta property=\"og:description\" content=\"BESTIL FLUSHHH Udfyld venligst kontaktformularen hvis du vil bestille FLUSHHH\" \/>\n<meta property=\"og:url\" content=\"https:\/\/flushhh.com\/en\/bestil\/\" \/>\n<meta property=\"og:site_name\" content=\"Flushhh - Lugtfrit . Lydd\u00e6mpet . Trygt\" \/>\n<meta property=\"article:modified_time\" content=\"2023-06-09T13:45:29+00:00\" \/>\n<meta name=\"twitter:card\" content=\"summary_large_image\" \/>\n<meta name=\"twitter:label1\" content=\"Estimated reading time\" \/>\n\t<meta name=\"twitter:data1\" content=\"1 minute\" \/>\n<script type=\"application\/ld+json\" class=\"yoast-schema-graph\">{\"@context\":\"https:\\\/\\\/schema.org\",\"@graph\":[{\"@type\":\"WebPage\",\"@id\":\"https:\\\/\\\/flushhh.com\\\/bestil\\\/\",\"url\":\"https:\\\/\\\/flushhh.com\\\/bestil\\\/\",\"name\":\"Bestil - Flushhh - Lugtfrit . Lydd\u00e6mpet . Trygt\",\"isPartOf\":{\"@id\":\"https:\\\/\\\/flushhh.com\\\/#website\"},\"datePublished\":\"2022-01-11T21:12:34+00:00\",\"dateModified\":\"2023-06-09T13:45:29+00:00\",\"breadcrumb\":{\"@id\":\"https:\\\/\\\/flushhh.com\\\/bestil\\\/#breadcrumb\"},\"inLanguage\":\"en-GB\",\"potentialAction\":[{\"@type\":\"ReadAction\",\"target\":[\"https:\\\/\\\/flushhh.com\\\/bestil\\\/\"]}]},{\"@type\":\"BreadcrumbList\",\"@id\":\"https:\\\/\\\/flushhh.com\\\/bestil\\\/#breadcrumb\",\"itemListElement\":[{\"@type\":\"ListItem\",\"position\":1,\"name\":\"Hjem\",\"item\":\"https:\\\/\\\/flushhh.com\\\/\"},{\"@type\":\"ListItem\",\"position\":2,\"name\":\"Bestil\"}]},{\"@type\":\"WebSite\",\"@id\":\"https:\\\/\\\/flushhh.com\\\/#website\",\"url\":\"https:\\\/\\\/flushhh.com\\\/\",\"name\":\"Flushhh - Lugtfrit . Lydd\u00e6mpet . Trygt\",\"description\":\"Slut med de pinlige m\u00f8der i toiletd\u00f8ren\",\"publisher\":{\"@id\":\"https:\\\/\\\/flushhh.com\\\/#organization\"},\"potentialAction\":[{\"@type\":\"SearchAction\",\"target\":{\"@type\":\"EntryPoint\",\"urlTemplate\":\"https:\\\/\\\/flushhh.com\\\/?s={search_term_string}\"},\"query-input\":{\"@type\":\"PropertyValueSpecification\",\"valueRequired\":true,\"valueName\":\"search_term_string\"}}],\"inLanguage\":\"en-GB\"},{\"@type\":\"Organization\",\"@id\":\"https:\\\/\\\/flushhh.com\\\/#organization\",\"name\":\"Flushhh - Lugtfrit . Lydd\u00e6mpet . Trygt\",\"url\":\"https:\\\/\\\/flushhh.com\\\/\",\"logo\":{\"@type\":\"ImageObject\",\"inLanguage\":\"en-GB\",\"@id\":\"https:\\\/\\\/flushhh.com\\\/#\\\/schema\\\/logo\\\/image\\\/\",\"url\":\"https:\\\/\\\/flushhh.com\\\/wp-content\\\/uploads\\\/2024\\\/06\\\/Flushhh_White_with-Tagline-1.svg\",\"contentUrl\":\"https:\\\/\\\/flushhh.com\\\/wp-content\\\/uploads\\\/2024\\\/06\\\/Flushhh_White_with-Tagline-1.svg\",\"width\":380,\"height\":74,\"caption\":\"Flushhh - Lugtfrit . Lydd\u00e6mpet . Trygt\"},\"image\":{\"@id\":\"https:\\\/\\\/flushhh.com\\\/#\\\/schema\\\/logo\\\/image\\\/\"}}]}<\/script>\n<!-- \/ Yoast SEO plugin. -->","yoast_head_json":{"title":"Bestil - Flushhh - Lugtfrit . Lydd\u00e6mpet . Trygt","robots":{"index":"index","follow":"follow","max-snippet":"max-snippet:-1","max-image-preview":"max-image-preview:large","max-video-preview":"max-video-preview:-1"},"canonical":"https:\/\/flushhh.com\/en\/bestil\/","og_locale":"en_GB","og_type":"article","og_title":"Bestil - Flushhh - Lugtfrit . Lydd\u00e6mpet . Trygt","og_description":"BESTIL FLUSHHH Udfyld venligst kontaktformularen hvis du vil bestille FLUSHHH","og_url":"https:\/\/flushhh.com\/en\/bestil\/","og_site_name":"Flushhh - Lugtfrit . Lydd\u00e6mpet . Trygt","article_modified_time":"2023-06-09T13:45:29+00:00","twitter_card":"summary_large_image","twitter_misc":{"Estimated reading time":"1 minute"},"schema":{"@context":"https:\/\/schema.org","@graph":[{"@type":"WebPage","@id":"https:\/\/flushhh.com\/bestil\/","url":"https:\/\/flushhh.com\/bestil\/","name":"Bestil - Flushhh - Lugtfrit . Lydd\u00e6mpet . Trygt","isPartOf":{"@id":"https:\/\/flushhh.com\/#website"},"datePublished":"2022-01-11T21:12:34+00:00","dateModified":"2023-06-09T13:45:29+00:00","breadcrumb":{"@id":"https:\/\/flushhh.com\/bestil\/#breadcrumb"},"inLanguage":"en-GB","potentialAction":[{"@type":"ReadAction","target":["https:\/\/flushhh.com\/bestil\/"]}]},{"@type":"BreadcrumbList","@id":"https:\/\/flushhh.com\/bestil\/#breadcrumb","itemListElement":[{"@type":"ListItem","position":1,"name":"Hjem","item":"https:\/\/flushhh.com\/"},{"@type":"ListItem","position":2,"name":"Bestil"}]},{"@type":"WebSite","@id":"https:\/\/flushhh.com\/#website","url":"https:\/\/flushhh.com\/","name":"Flushhh - Lugtfrit . Lydd\u00e6mpet . Trygt","description":"Slut med de pinlige m\u00f8der i toiletd\u00f8ren","publisher":{"@id":"https:\/\/flushhh.com\/#organization"},"potentialAction":[{"@type":"SearchAction","target":{"@type":"EntryPoint","urlTemplate":"https:\/\/flushhh.com\/?s={search_term_string}"},"query-input":{"@type":"PropertyValueSpecification","valueRequired":true,"valueName":"search_term_string"}}],"inLanguage":"en-GB"},{"@type":"Organization","@id":"https:\/\/flushhh.com\/#organization","name":"Flushhh - Lugtfrit . Lydd\u00e6mpet . Trygt","url":"https:\/\/flushhh.com\/","logo":{"@type":"ImageObject","inLanguage":"en-GB","@id":"https:\/\/flushhh.com\/#\/schema\/logo\/image\/","url":"https:\/\/flushhh.com\/wp-content\/uploads\/2024\/06\/Flushhh_White_with-Tagline-1.svg","contentUrl":"https:\/\/flushhh.com\/wp-content\/uploads\/2024\/06\/Flushhh_White_with-Tagline-1.svg","width":380,"height":74,"caption":"Flushhh - Lugtfrit . Lydd\u00e6mpet . Trygt"},"image":{"@id":"https:\/\/flushhh.com\/#\/schema\/logo\/image\/"}}]}},"_links":{"self":[{"href":"https:\/\/flushhh.com\/en\/wp-json\/wp\/v2\/pages\/1714","targetHints":{"allow":["GET"]}}],"collection":[{"href":"https:\/\/flushhh.com\/en\/wp-json\/wp\/v2\/pages"}],"about":[{"href":"https:\/\/flushhh.com\/en\/wp-json\/wp\/v2\/types\/page"}],"author":[{"embeddable":true,"href":"https:\/\/flushhh.com\/en\/wp-json\/wp\/v2\/users\/6"}],"replies":[{"embeddable":true,"href":"https:\/\/flushhh.com\/en\/wp-json\/wp\/v2\/comments?post=1714"}],"version-history":[{"count":55,"href":"https:\/\/flushhh.com\/en\/wp-json\/wp\/v2\/pages\/1714\/revisions"}],"predecessor-version":[{"id":3374,"href":"https:\/\/flushhh.com\/en\/wp-json\/wp\/v2\/pages\/1714\/revisions\/3374"}],"wp:attachment":[{"href":"https:\/\/flushhh.com\/en\/wp-json\/wp\/v2\/media?parent=1714"}],"wp:term":[{"taxonomy":"wf_page_folders","embeddable":true,"href":"https:\/\/flushhh.com\/en\/wp-json\/wp\/v2\/wf_page_folders?post=1714"}],"curies":[{"name":"wp","href":"https:\/\/api.w.org\/{rel}","templated":true}]}}