{"id":7997,"date":"2024-06-17T03:26:59","date_gmt":"2024-06-17T03:26:59","guid":{"rendered":"https:\/\/flushhh.com\/?page_id=7997"},"modified":"2026-02-13T11:13:24","modified_gmt":"2026-02-13T11:13:24","slug":"vores-produkt","status":"publish","type":"page","link":"https:\/\/flushhh.com\/en\/vores-produkt\/","title":{"rendered":"Our product"},"content":{"rendered":"<h2>Your bathroom moments <br>\nWith homelike comfort,<br>\neverywhere<\/h2>\n<p>\t\t\t<a href=\"\/en\/product\/flushhh-sachetter\/\"><br \/>\n\t\t\t\t\t\t\t\t\tBuy now<br \/>\n\t\t\t\t\t<\/a><br \/>\n\t\t\t\t\t\t\t\t\t\t\t\t\t<img fetchpriority=\"high\" decoding=\"async\" width=\"390\" height=\"320\" src=\"https:\/\/flushhh.com\/wp-content\/uploads\/2024\/06\/Rectangle-33-26.png\" alt=\"\" srcset=\"https:\/\/flushhh.com\/wp-content\/uploads\/2024\/06\/Rectangle-33-26.png 390w, https:\/\/flushhh.com\/wp-content\/uploads\/2024\/06\/Rectangle-33-26-300x246.png 300w, https:\/\/flushhh.com\/wp-content\/uploads\/2024\/06\/Rectangle-33-26-15x12.png 15w\" sizes=\"(max-width: 390px) 100vw, 390px\" \/>\t\t\t\t\t\t\t\t\t\t\t\t\t<\/p>\n<h2>Your bathroom moments <br>\nWith homelike comfort,<br>\neverywhere<br \/>\n<\/h2>\n<p>\t\t\t<a href=\"\/en\/product\/flushhh-sachetter\/\"><br \/>\n\t\t\t\t\t\t\t\t\tBuy now<br \/>\n\t\t\t\t\t<\/a><\/p>\n<h1>Flushhh\u00ae   fjerner lugt og lyd fra toiletbes\u00f8get. Vores milj\u00f8venlige toiletpulver sikrer 100% private toiletbes\u00f8g &#8211; uanset hvor du er. Let at have med, nemt at bruge.<\/h1>\n<h2>Flushhh\u00ae   fjerner lugt og lyd fra toiletbes\u00f8get. Vores milj\u00f8venlige toiletpulver sikrer 100% private toiletbes\u00f8g &#8211; uanset hvor du er. Let at have med, nemt at bruge.<\/h2>\n<p>Our convenient and eco-friendly sachets will fit neatly into your bag, with the sachet\u2019s powder designed to mask unwanted lavatory sounds and smells. With Flushhh\u00ae, you\u2019ll answer nature\u2019s call with carefree confidence, wherever you are.<\/p>\n<p>\t\t\t\t\t\t\t\t\t\t\t\t\t<img decoding=\"async\" width=\"520\" height=\"226\" src=\"https:\/\/flushhh.com\/wp-content\/uploads\/2024\/06\/Frame-2759.svg\" alt=\"\" \/>\t\t\t\t\t\t\t\t\t\t\t\t\t<\/p>\n<h2>S\u00e5dan virker Flushhh\u00ae <\/h2>\n<p><video src=\"https:\/\/flushhh.com\/wp-content\/uploads\/2024\/11\/Flushhh_HowToUse_Thomas.mov\" controls=\"\" playsinline=\"\" controlslist=\"nodownload\" poster=\"https:\/\/flushhh.com\/wp-content\/uploads\/2024\/11\/Flushhh_howto.jpg\"><\/video><br \/>\n\tPlay Video<br \/>\n\t\t\t\t\t\t\t\t\t\t\t\t\t<img decoding=\"async\" width=\"100\" height=\"100\" src=\"https:\/\/flushhh.com\/wp-content\/uploads\/2024\/06\/image-7.svg\" alt=\"\" \/>\t\t\t\t\t\t\t\t\t\t\t\t\t<\/p>\n<p>Empty our sachet\u2019s powder \u2028into the water<\/p>\n<p>\t\t\t\t\t\t\t\t\t\t\t\t\t<img loading=\"lazy\" decoding=\"async\" width=\"390\" height=\"420\" src=\"https:\/\/flushhh.com\/wp-content\/uploads\/2024\/06\/da7fbbe8a0515b734856fcf06ae8ce89.gif\" alt=\"\" \/>\t\t\t\t\t\t\t\t\t\t\t\t\t<\/p>\n<p>Wait a few seconds until the powder turns into a foam layer<\/p>\n<p>\t\t\t\t\t\t\t\t\t\t\t\t\t<img loading=\"lazy\" decoding=\"async\" width=\"100\" height=\"100\" src=\"https:\/\/flushhh.com\/wp-content\/uploads\/2024\/06\/image-7-2.svg\" alt=\"\" \/>\t\t\t\t\t\t\t\t\t\t\t\t\t<\/p>\n<p>Sit, please and enjoy your bathroom privacy, confidently and carefree<\/p>\n<p>\t\t\t<a href=\"\/en\/product\/flushhh-sachetter\/\"><br \/>\n\t\t\t\t\t\t\t\t\tBuy Flushhh\u00ae<br \/>\n\t\t\t\t\t<\/a><\/p>\n<h4>REMOVES ODOR<\/h4>\n<p>Our eco-powder keeps odors below the water\u2019s surface, leaving bathrooms fresh, hygenic and inviting.<\/p>\n<h4>PRIVATE, SOUND-FREE VISITS<\/h4>\n<p>Flushhh\u00ae forms a silent foam layer on the water\u2019s surface, cushioning and trapping bathroom sounds and odors.<\/p>\n<h4>CONVENIENT AND DURABLE<br \/>\n<\/h4>\n<p>Our sachets are compact, subtle and easy-to-use, everywhere and anywhere you go.<\/p>\n<p>\t\t\t\t\t\t\t\t\t\t\t\t\t<img loading=\"lazy\" decoding=\"async\" width=\"190\" height=\"80\" src=\"https:\/\/flushhh.com\/wp-content\/uploads\/2024\/06\/image-8.png\" alt=\"\" srcset=\"https:\/\/flushhh.com\/wp-content\/uploads\/2024\/06\/image-8.png 190w, https:\/\/flushhh.com\/wp-content\/uploads\/2024\/06\/image-8-18x8.png 18w\" sizes=\"(max-width: 190px) 100vw, 190px\" \/><br \/>\n\t\t\t\t\t\t\t\t\t\t\t\t\t<img loading=\"lazy\" decoding=\"async\" width=\"167\" height=\"80\" src=\"https:\/\/flushhh.com\/wp-content\/uploads\/2024\/06\/image-11.png\" alt=\"\" srcset=\"https:\/\/flushhh.com\/wp-content\/uploads\/2024\/06\/image-11.png 167w, https:\/\/flushhh.com\/wp-content\/uploads\/2024\/06\/image-11-18x9.png 18w\" sizes=\"(max-width: 167px) 100vw, 167px\" \/>\t\t\t\t\t\t\t\t\t\t\t\t\t<\/p>\n<h2>Hvad siger vores kunder om Flushhh\u00ae <\/h2>\n<p>                            <img decoding=\"async\" src=\"https:\/\/flushhh.com\/wp-content\/uploads\/2024\/06\/Trust-Pilot-Review-card-1.png\" alt=\"Vores produkt\"><br \/>\n                            <img decoding=\"async\" src=\"https:\/\/flushhh.com\/wp-content\/uploads\/2024\/06\/Stars-x2-1.svg\" alt=\"Vores produkt\"><br \/>\n                            Brilliant product<br \/>\n                            It's convenient, easy to use, and it definitely makes dates less stressful. Quite simply: a brilliant product and I will buy again.<br \/>\n                            Mads<br \/>\n                            <img decoding=\"async\" src=\"https:\/\/flushhh.com\/wp-content\/uploads\/2024\/06\/Stars-x2-1.svg\" alt=\"Vores produkt\"><br \/>\n                            The product works exactly as promised<br \/>\n                            The manufacturer sent the package the same day and the product works exactly as promised. I wish I had had it for the last twenty years.<br \/>\n                            Andreas<br \/>\n                            <img decoding=\"async\" src=\"https:\/\/flushhh.com\/wp-content\/uploads\/2024\/06\/Stars-x2-1.svg\" alt=\"Vores produkt\"><br \/>\n                            This is a wonder product<br \/>\n                            Dette er et vidunder produkt til os der ikke er s\u00e5 glade for at g\u00e5 p\u00e5 toilet andre steder end hjemme.<br \/>\nJeg har altid mine Flushhh poser med.<br \/>\n                            Stephani<br \/>\n                            <img decoding=\"async\" src=\"https:\/\/flushhh.com\/wp-content\/uploads\/2024\/06\/Stars-x2-1.svg\" alt=\"Vores produkt\"><br \/>\n                            FLUSHHH is a lifesaver<br \/>\n                            FLUSHHH is a lifesaver! As a chronic intestinal patient, visiting the toilet can often be associated with embarrassment and discomfort. FLUSHHH is a huge help in that regard!<br \/>\n                            Lene Christensen<br \/>\n                            <img decoding=\"async\" src=\"https:\/\/flushhh.com\/wp-content\/uploads\/2024\/06\/Stars-x2-1.svg\" alt=\"Vores produkt\"><br \/>\n                            Brilliant product<br \/>\n                            It's convenient, easy to use, and it definitely makes dates less stressful. Quite simply: a brilliant product and I will buy again.<br \/>\n                            Mads<br \/>\n                            <img decoding=\"async\" src=\"https:\/\/flushhh.com\/wp-content\/uploads\/2024\/06\/Stars-x2-1.svg\" alt=\"Vores produkt\"><br \/>\n                            The product works exactly as promised<br \/>\n                            The manufacturer sent the package the same day and the product works exactly as promised. I wish I had had it for the last twenty years.<br \/>\n                            Andreas<br \/>\n                            <img decoding=\"async\" src=\"https:\/\/flushhh.com\/wp-content\/uploads\/2024\/06\/Stars-x2-1.svg\" alt=\"Vores produkt\"><br \/>\n                            This is a wonder product<br \/>\n                            Dette er et vidunder produkt til os der ikke er s\u00e5 glade for at g\u00e5 p\u00e5 toilet andre steder end hjemme.<br \/>\nJeg har altid mine Flushhh poser med.<br \/>\n                            Stephani<br \/>\n                            <img decoding=\"async\" src=\"https:\/\/flushhh.com\/wp-content\/uploads\/2024\/06\/Stars-x2-1.svg\" alt=\"Vores produkt\"><br \/>\n                            FLUSHHH is a lifesaver<br \/>\n                            FLUSHHH is a lifesaver! As a chronic intestinal patient, visiting the toilet can often be associated with embarrassment and discomfort. FLUSHHH is a huge help in that regard!<br \/>\n                            Lene Christensen                        <\/p>\n<h2>Be carefree <br \/>\neverywhere you go<\/h2>\n<p>\t\t\t<a href=\"\/en\/product\/flushhh-sachetter\/\"><br \/>\n\t\t\t\t\t\t\t\t\tBuy now<br \/>\n\t\t\t\t\t<\/a><br \/>\n\t\t\t\t\t\t\t\t\t\t\t\t\t<img loading=\"lazy\" decoding=\"async\" width=\"512\" height=\"512\" src=\"https:\/\/flushhh.com\/wp-content\/uploads\/2024\/06\/image-80.png\" alt=\"\" srcset=\"https:\/\/flushhh.com\/wp-content\/uploads\/2024\/06\/image-80.png 512w, https:\/\/flushhh.com\/wp-content\/uploads\/2024\/06\/image-80-300x300.png 300w, https:\/\/flushhh.com\/wp-content\/uploads\/2024\/06\/image-80-150x150.png 150w, https:\/\/flushhh.com\/wp-content\/uploads\/2024\/06\/image-80-12x12.png 12w, https:\/\/flushhh.com\/wp-content\/uploads\/2024\/06\/image-80-100x100.png 100w, https:\/\/flushhh.com\/wp-content\/uploads\/2024\/06\/image-80-50x50.png 50w\" sizes=\"(max-width: 512px) 100vw, 512px\" \/>\t\t\t\t\t\t\t\t\t\t\t\t\t<\/p>\n<h2>Be carefree.\nBe confident.\nAll bathrooms. Everywhere.<\/h2>\n<p>\t\t\t<a href=\"\/en\/product\/flushhh-sachetter\/\"><br \/>\n\t\t\t\t\t\t\t\t\tBuy now<br \/>\n\t\t\t\t\t<\/a><\/p>\n<h2>Made for you, with love for our planet<\/h2>\n<p>Our sachet powder is biodegradable and contains safe, high-quality, environmentally friendly ingredients. Throughout Flushhh\u00ae\u2019s life cycle, we prioritize using sustainable, eco-materials, helping to bring you a planet-friendly product.<\/p>\n<p>\t\t\t\t\t\t\t\t\t\t\t\t\t<img loading=\"lazy\" decoding=\"async\" width=\"800\" height=\"500\" src=\"https:\/\/flushhh.com\/wp-content\/uploads\/2024\/06\/Rectangle-38-8-1536x960.png\" alt=\"\" srcset=\"https:\/\/flushhh.com\/wp-content\/uploads\/2024\/06\/Rectangle-38-8-1536x960.png 1536w, https:\/\/flushhh.com\/wp-content\/uploads\/2024\/06\/Rectangle-38-8-300x188.png 300w, https:\/\/flushhh.com\/wp-content\/uploads\/2024\/06\/Rectangle-38-8-1024x640.png 1024w, https:\/\/flushhh.com\/wp-content\/uploads\/2024\/06\/Rectangle-38-8-768x480.png 768w, https:\/\/flushhh.com\/wp-content\/uploads\/2024\/06\/Rectangle-38-8-2048x1280.png 2048w, https:\/\/flushhh.com\/wp-content\/uploads\/2024\/06\/Rectangle-38-8-18x12.png 18w, https:\/\/flushhh.com\/wp-content\/uploads\/2024\/06\/Rectangle-38-8-1320x825.png 1320w, https:\/\/flushhh.com\/wp-content\/uploads\/2024\/06\/Rectangle-38-8-600x375.png 600w\" sizes=\"(max-width: 800px) 100vw, 800px\" \/>\t\t\t\t\t\t\t\t\t\t\t\t\t<\/p>\n<h5>FOR BUSINESS<\/h5>\n<h2>Bring home comfort into your bathroom spaces<br \/>\n<\/h2>\n<p>Flushhh\u00ae began with one simple idea: to give people around the world bathroom confidence. We hope to empower everyone with this feeling, from the holidaying couple to busy office employees, and especially, you.<\/p>\n<p>\t\t\t<a href=\"\/en\/kontor\/\"><br \/>\n\t\t\t\t\t\t\t\t\tExplore our business solutions<br \/>\n\t\t\t\t\t<\/a><br \/>\n\t\t\t\t\t\t\t\t\t\t\t\t\t<img loading=\"lazy\" decoding=\"async\" width=\"3840\" height=\"2400\" src=\"https:\/\/flushhh.com\/wp-content\/uploads\/2024\/06\/Rectangle-38-11.png\" alt=\"\" srcset=\"https:\/\/flushhh.com\/wp-content\/uploads\/2024\/06\/Rectangle-38-11.png 3840w, https:\/\/flushhh.com\/wp-content\/uploads\/2024\/06\/Rectangle-38-11-300x188.png 300w, https:\/\/flushhh.com\/wp-content\/uploads\/2024\/06\/Rectangle-38-11-1024x640.png 1024w, https:\/\/flushhh.com\/wp-content\/uploads\/2024\/06\/Rectangle-38-11-768x480.png 768w, https:\/\/flushhh.com\/wp-content\/uploads\/2024\/06\/Rectangle-38-11-1536x960.png 1536w, https:\/\/flushhh.com\/wp-content\/uploads\/2024\/06\/Rectangle-38-11-2048x1280.png 2048w, https:\/\/flushhh.com\/wp-content\/uploads\/2024\/06\/Rectangle-38-11-18x12.png 18w, https:\/\/flushhh.com\/wp-content\/uploads\/2024\/06\/Rectangle-38-11-1320x825.png 1320w, https:\/\/flushhh.com\/wp-content\/uploads\/2024\/06\/Rectangle-38-11-600x375.png 600w\" sizes=\"(max-width: 3840px) 100vw, 3840px\" \/>\t\t\t\t\t\t\t\t\t\t\t\t\t<\/p>\n<h2>Our beginnings <\/h2>\n<p>Our small, discreet and durable sachets will fit easily into your purse, pocket or wallet. So, whether you\u2019re heading out for drinks or off on a weekend getaway, Flushhh\u00ae will give you the confidence to leave any bathroom smiling\u2014no matter where you are.<\/p>\n<p>\t\t\t<a href=\"\/en\/vores-historie\/\"><br \/>\n\t\t\t\t\t\t\t\t\tExplore more<br \/>\n\t\t\t\t\t<\/a><br \/>\n\t\t\t\t\t\t\t\t\t\t\t\t\t<img loading=\"lazy\" decoding=\"async\" width=\"3840\" height=\"2400\" src=\"https:\/\/flushhh.com\/wp-content\/uploads\/2024\/06\/Rectangle-38-6.png\" alt=\"\" srcset=\"https:\/\/flushhh.com\/wp-content\/uploads\/2024\/06\/Rectangle-38-6.png 3840w, https:\/\/flushhh.com\/wp-content\/uploads\/2024\/06\/Rectangle-38-6-300x188.png 300w, https:\/\/flushhh.com\/wp-content\/uploads\/2024\/06\/Rectangle-38-6-1024x640.png 1024w, https:\/\/flushhh.com\/wp-content\/uploads\/2024\/06\/Rectangle-38-6-768x480.png 768w, https:\/\/flushhh.com\/wp-content\/uploads\/2024\/06\/Rectangle-38-6-1536x960.png 1536w, https:\/\/flushhh.com\/wp-content\/uploads\/2024\/06\/Rectangle-38-6-2048x1280.png 2048w, https:\/\/flushhh.com\/wp-content\/uploads\/2024\/06\/Rectangle-38-6-18x12.png 18w, https:\/\/flushhh.com\/wp-content\/uploads\/2024\/06\/Rectangle-38-6-1320x825.png 1320w, https:\/\/flushhh.com\/wp-content\/uploads\/2024\/06\/Rectangle-38-6-600x375.png 600w\" sizes=\"(max-width: 3840px) 100vw, 3840px\" \/><\/p>","protected":false},"excerpt":{"rendered":"<p>Ingen lugt og lyd efter dit toiletbes\u00f8g \u2013 slut med ubehagelige m\u00f8der i toiletd\u00f8ren K\u00f8b nu Ingen lugt og lyd efter dit toiletbes\u00f8g \u2013 slut med ubehagelige m\u00f8der i toiletd\u00f8ren K\u00f8b nu Flushhh\u00ae fjerner lugt og lyd fra toiletbes\u00f8get. Vores milj\u00f8venlige toiletpulver sikrer 100% private toiletbes\u00f8g &#8211; uanset hvor du er. Let at have med, [&hellip;]<\/p>","protected":false},"author":6,"featured_media":0,"parent":0,"menu_order":0,"comment_status":"closed","ping_status":"closed","template":"","meta":{"footnotes":""},"wf_page_folders":[],"class_list":["post-7997","page","type-page","status-publish","hentry"],"yoast_head":"<!-- This site is optimized with the Yoast SEO plugin v26.8 - https:\/\/yoast.com\/product\/yoast-seo-wordpress\/ -->\n<title>Vores produkt - Flushhh - Lugtfrit . Lydd\u00e6mpet . Trygt<\/title>\n<meta name=\"description\" content=\"Vores praktiske og milj\u00f8venlige poser passer perfekt i din taske, lomme eller toilettaske. Posens pulver er designet til at fjerne u\u00f8nskede toiletlyde og lugte. Med Flushhh\u00ae vil du trygt kunne g\u00e5 p\u00e5 toiletter alle steder, n\u00e5r naturen kalder.\" \/>\n<meta name=\"robots\" content=\"index, follow, max-snippet:-1, max-image-preview:large, max-video-preview:-1\" \/>\n<link rel=\"canonical\" href=\"https:\/\/flushhh.com\/en\/vores-produkt\/\" \/>\n<meta property=\"og:locale\" content=\"en_GB\" \/>\n<meta property=\"og:type\" content=\"article\" \/>\n<meta property=\"og:title\" content=\"Vores produkt - Flushhh - Lugtfrit . Lydd\u00e6mpet . Trygt\" \/>\n<meta property=\"og:description\" content=\"Vores praktiske og milj\u00f8venlige poser passer perfekt i din taske, lomme eller toilettaske. Posens pulver er designet til at fjerne u\u00f8nskede toiletlyde og lugte. Med Flushhh\u00ae vil du trygt kunne g\u00e5 p\u00e5 toiletter alle steder, n\u00e5r naturen kalder.\" \/>\n<meta property=\"og:url\" content=\"https:\/\/flushhh.com\/en\/vores-produkt\/\" \/>\n<meta property=\"og:site_name\" content=\"Flushhh - Lugtfrit . Lydd\u00e6mpet . Trygt\" \/>\n<meta property=\"article:modified_time\" content=\"2026-02-13T11:13:24+00:00\" \/>\n<meta property=\"og:image\" content=\"https:\/\/flushhh.com\/wp-content\/uploads\/2024\/06\/Rectangle-33-26.png\" \/>\n<meta name=\"twitter:card\" content=\"summary_large_image\" \/>\n<meta name=\"twitter:label1\" content=\"Estimated reading time\" \/>\n\t<meta name=\"twitter:data1\" content=\"8 minutes\" \/>\n<script type=\"application\/ld+json\" class=\"yoast-schema-graph\">{\"@context\":\"https:\/\/schema.org\",\"@graph\":[{\"@type\":\"WebPage\",\"@id\":\"https:\/\/flushhh.com\/vores-produkt\/\",\"url\":\"https:\/\/flushhh.com\/vores-produkt\/\",\"name\":\"Vores produkt - Flushhh - Lugtfrit . Lydd\u00e6mpet . Trygt\",\"isPartOf\":{\"@id\":\"https:\/\/flushhh.com\/#website\"},\"primaryImageOfPage\":{\"@id\":\"https:\/\/flushhh.com\/vores-produkt\/#primaryimage\"},\"image\":{\"@id\":\"https:\/\/flushhh.com\/vores-produkt\/#primaryimage\"},\"thumbnailUrl\":\"https:\/\/flushhh.com\/wp-content\/uploads\/2024\/06\/Rectangle-33-26.png\",\"datePublished\":\"2024-06-17T03:26:59+00:00\",\"dateModified\":\"2026-02-13T11:13:24+00:00\",\"description\":\"Vores praktiske og milj\u00f8venlige poser passer perfekt i din taske, lomme eller toilettaske. Posens pulver er designet til at fjerne u\u00f8nskede toiletlyde og lugte. Med Flushhh\u00ae vil du trygt kunne g\u00e5 p\u00e5 toiletter alle steder, n\u00e5r naturen kalder.\",\"breadcrumb\":{\"@id\":\"https:\/\/flushhh.com\/vores-produkt\/#breadcrumb\"},\"inLanguage\":\"en-GB\",\"potentialAction\":[{\"@type\":\"ReadAction\",\"target\":[\"https:\/\/flushhh.com\/vores-produkt\/\"]}]},{\"@type\":\"ImageObject\",\"inLanguage\":\"en-GB\",\"@id\":\"https:\/\/flushhh.com\/vores-produkt\/#primaryimage\",\"url\":\"https:\/\/flushhh.com\/wp-content\/uploads\/2024\/06\/Rectangle-33-26.png\",\"contentUrl\":\"https:\/\/flushhh.com\/wp-content\/uploads\/2024\/06\/Rectangle-33-26.png\"},{\"@type\":\"BreadcrumbList\",\"@id\":\"https:\/\/flushhh.com\/vores-produkt\/#breadcrumb\",\"itemListElement\":[{\"@type\":\"ListItem\",\"position\":1,\"name\":\"Hjem\",\"item\":\"https:\/\/flushhh.com\/\"},{\"@type\":\"ListItem\",\"position\":2,\"name\":\"Vores produkt\"}]},{\"@type\":\"WebSite\",\"@id\":\"https:\/\/flushhh.com\/#website\",\"url\":\"https:\/\/flushhh.com\/\",\"name\":\"Flushhh - Lugtfrit . Lydd\u00e6mpet . Trygt\",\"description\":\"Slut med de pinlige m\u00f8der i toiletd\u00f8ren\",\"potentialAction\":[{\"@type\":\"SearchAction\",\"target\":{\"@type\":\"EntryPoint\",\"urlTemplate\":\"https:\/\/flushhh.com\/?s={search_term_string}\"},\"query-input\":{\"@type\":\"PropertyValueSpecification\",\"valueRequired\":true,\"valueName\":\"search_term_string\"}}],\"inLanguage\":\"en-GB\"}]}<\/script>\n<!-- \/ Yoast SEO plugin. -->","yoast_head_json":{"title":"Vores produkt - Flushhh - Lugtfrit . Lydd\u00e6mpet . Trygt","description":"Our convenient and eco-friendly sachets will fit neatly into your bag, with the sachet\u2019s powder designed to mask unwanted lavatory sounds and smells. With Flushhh\u00ae, you\u2019ll answer nature\u2019s call with carefree confidence, wherever you are.","robots":{"index":"index","follow":"follow","max-snippet":"max-snippet:-1","max-image-preview":"max-image-preview:large","max-video-preview":"max-video-preview:-1"},"canonical":"https:\/\/flushhh.com\/en\/vores-produkt\/","og_locale":"en_GB","og_type":"article","og_title":"Vores produkt - Flushhh - Lugtfrit . Lydd\u00e6mpet . Trygt","og_description":"Vores praktiske og milj\u00f8venlige poser passer perfekt i din taske, lomme eller toilettaske. Posens pulver er designet til at fjerne u\u00f8nskede toiletlyde og lugte. Med Flushhh\u00ae vil du trygt kunne g\u00e5 p\u00e5 toiletter alle steder, n\u00e5r naturen kalder.","og_url":"https:\/\/flushhh.com\/en\/vores-produkt\/","og_site_name":"Flushhh - Lugtfrit . Lydd\u00e6mpet . Trygt","article_modified_time":"2026-02-13T11:13:24+00:00","og_image":[{"url":"https:\/\/flushhh.com\/wp-content\/uploads\/2024\/06\/Rectangle-33-26.png","type":"","width":"","height":""}],"twitter_card":"summary_large_image","twitter_misc":{"Estimated reading time":"8 minutes"},"schema":{"@context":"https:\/\/schema.org","@graph":[{"@type":"WebPage","@id":"https:\/\/flushhh.com\/vores-produkt\/","url":"https:\/\/flushhh.com\/vores-produkt\/","name":"Vores produkt - Flushhh - Lugtfrit . Lydd\u00e6mpet . Trygt","isPartOf":{"@id":"https:\/\/flushhh.com\/#website"},"primaryImageOfPage":{"@id":"https:\/\/flushhh.com\/vores-produkt\/#primaryimage"},"image":{"@id":"https:\/\/flushhh.com\/vores-produkt\/#primaryimage"},"thumbnailUrl":"https:\/\/flushhh.com\/wp-content\/uploads\/2024\/06\/Rectangle-33-26.png","datePublished":"2024-06-17T03:26:59+00:00","dateModified":"2026-02-13T11:13:24+00:00","description":"Our convenient and eco-friendly sachets will fit neatly into your bag, with the sachet\u2019s powder designed to mask unwanted lavatory sounds and smells. With Flushhh\u00ae, you\u2019ll answer nature\u2019s call with carefree confidence, wherever you are.","breadcrumb":{"@id":"https:\/\/flushhh.com\/vores-produkt\/#breadcrumb"},"inLanguage":"en-GB","potentialAction":[{"@type":"ReadAction","target":["https:\/\/flushhh.com\/vores-produkt\/"]}]},{"@type":"ImageObject","inLanguage":"en-GB","@id":"https:\/\/flushhh.com\/vores-produkt\/#primaryimage","url":"https:\/\/flushhh.com\/wp-content\/uploads\/2024\/06\/Rectangle-33-26.png","contentUrl":"https:\/\/flushhh.com\/wp-content\/uploads\/2024\/06\/Rectangle-33-26.png"},{"@type":"BreadcrumbList","@id":"https:\/\/flushhh.com\/vores-produkt\/#breadcrumb","itemListElement":[{"@type":"ListItem","position":1,"name":"Hjem","item":"https:\/\/flushhh.com\/"},{"@type":"ListItem","position":2,"name":"Vores produkt"}]},{"@type":"WebSite","@id":"https:\/\/flushhh.com\/#website","url":"https:\/\/flushhh.com\/","name":"Flushhh - Lugtfrit . Lydd\u00e6mpet . Trygt","description":"Slut med de pinlige m\u00f8der i toiletd\u00f8ren","potentialAction":[{"@type":"SearchAction","target":{"@type":"EntryPoint","urlTemplate":"https:\/\/flushhh.com\/?s={search_term_string}"},"query-input":{"@type":"PropertyValueSpecification","valueRequired":true,"valueName":"search_term_string"}}],"inLanguage":"en-GB"}]}},"_links":{"self":[{"href":"https:\/\/flushhh.com\/en\/wp-json\/wp\/v2\/pages\/7997","targetHints":{"allow":["GET"]}}],"collection":[{"href":"https:\/\/flushhh.com\/en\/wp-json\/wp\/v2\/pages"}],"about":[{"href":"https:\/\/flushhh.com\/en\/wp-json\/wp\/v2\/types\/page"}],"author":[{"embeddable":true,"href":"https:\/\/flushhh.com\/en\/wp-json\/wp\/v2\/users\/6"}],"replies":[{"embeddable":true,"href":"https:\/\/flushhh.com\/en\/wp-json\/wp\/v2\/comments?post=7997"}],"version-history":[{"count":127,"href":"https:\/\/flushhh.com\/en\/wp-json\/wp\/v2\/pages\/7997\/revisions"}],"predecessor-version":[{"id":9502,"href":"https:\/\/flushhh.com\/en\/wp-json\/wp\/v2\/pages\/7997\/revisions\/9502"}],"wp:attachment":[{"href":"https:\/\/flushhh.com\/en\/wp-json\/wp\/v2\/media?parent=7997"}],"wp:term":[{"taxonomy":"wf_page_folders","embeddable":true,"href":"https:\/\/flushhh.com\/en\/wp-json\/wp\/v2\/wf_page_folders?post=7997"}],"curies":[{"name":"wp","href":"https:\/\/api.w.org\/{rel}","templated":true}]}}