{"id":3124,"date":"2023-05-11T10:19:41","date_gmt":"2023-05-11T10:19:41","guid":{"rendered":"https:\/\/flushhh.com\/?post_type=product&#038;p=3124"},"modified":"2025-02-18T07:34:21","modified_gmt":"2025-02-18T07:34:21","slug":"flushhh-sachetter","status":"publish","type":"product","link":"https:\/\/flushhh.com\/en\/product\/flushhh-sachetter\/","title":{"rendered":"Easily introduce FLUSHHH<span class=\"trademark\">\u00ae<\/span>"},"content":{"rendered":"<ul>\n<li>Odor and sound-free bathroom experience<\/li>\n<li>Eco-friendly and 100% biodegradable<\/li>\n<li>100% satisfaction guarantee<\/li>\n<li>Day to day delivery<\/li>\n<li>Free shipping on the first purchase of 24 sample pack with the code <strong>try24<\/strong><\/li>\n<\/ul>","protected":false},"excerpt":{"rendered":"<p>Environmentally friendly toilet product which gets rid of unwanted odours and sounds<\/p>","protected":false},"featured_media":8231,"comment_status":"open","ping_status":"closed","template":"","meta":[],"product_brand":[],"product_cat":[26],"product_tag":[],"class_list":{"0":"post-3124","1":"product","2":"type-product","3":"status-publish","4":"has-post-thumbnail","6":"product_cat-tabletter","8":"first","9":"instock","10":"sale","11":"taxable","12":"shipping-taxable","13":"purchasable","14":"product-type-variable","15":"has-default-attributes"},"yoast_head":"<!-- This site is optimized with the Yoast SEO plugin v26.8 - https:\/\/yoast.com\/product\/yoast-seo-wordpress\/ -->\n<title>FLUSHHH - Flushhh - Lugtfrit . Lydd\u00e6mpet . Trygt<\/title>\n<meta name=\"description\" content=\"FLUSHHH er en lille pose, der g\u00f8r dit toiletbes\u00f8g diskret, trygt og helt privat. Uanset hvor du er kan du let og diskret have den med i lommen, h\u00e5nden eller tasken\" \/>\n<meta name=\"robots\" content=\"index, follow, max-snippet:-1, max-image-preview:large, max-video-preview:-1\" \/>\n<link rel=\"canonical\" href=\"https:\/\/flushhh.com\/en\/product\/flushhh-sachetter\/\" \/>\n<meta property=\"og:locale\" content=\"en_GB\" \/>\n<meta property=\"og:type\" content=\"article\" \/>\n<meta property=\"og:title\" content=\"FLUSHHH - Flushhh - Lugtfrit . Lydd\u00e6mpet . Trygt\" \/>\n<meta property=\"og:description\" content=\"FLUSHHH er en lille pose, der g\u00f8r dit toiletbes\u00f8g diskret, trygt og helt privat. Uanset hvor du er kan du let og diskret have den med i lommen, h\u00e5nden eller tasken\" \/>\n<meta property=\"og:url\" content=\"https:\/\/flushhh.com\/en\/product\/flushhh-sachetter\/\" \/>\n<meta property=\"og:site_name\" content=\"Flushhh - Lugtfrit . Lydd\u00e6mpet . Trygt\" \/>\n<meta property=\"article:modified_time\" content=\"2025-02-18T07:34:21+00:00\" \/>\n<meta property=\"og:image\" content=\"https:\/\/flushhh.com\/wp-content\/uploads\/2023\/05\/image-77-1024x559.png\" \/>\n\t<meta property=\"og:image:width\" content=\"1024\" \/>\n\t<meta property=\"og:image:height\" content=\"559\" \/>\n\t<meta property=\"og:image:type\" content=\"image\/png\" \/>\n<meta name=\"twitter:card\" content=\"summary_large_image\" \/>\n<meta name=\"twitter:label1\" content=\"Estimated reading time\" \/>\n\t<meta name=\"twitter:data1\" content=\"1 minute\" \/>\n<script type=\"application\/ld+json\" class=\"yoast-schema-graph\">{\"@context\":\"https:\/\/schema.org\",\"@graph\":[{\"@type\":\"WebPage\",\"@id\":\"https:\/\/flushhh.com\/vare\/flushhh-sachetter\/\",\"url\":\"https:\/\/flushhh.com\/vare\/flushhh-sachetter\/\",\"name\":\"FLUSHHH - Flushhh - Lugtfrit . Lydd\u00e6mpet . Trygt\",\"isPartOf\":{\"@id\":\"https:\/\/flushhh.com\/#website\"},\"primaryImageOfPage\":{\"@id\":\"https:\/\/flushhh.com\/vare\/flushhh-sachetter\/#primaryimage\"},\"image\":{\"@id\":\"https:\/\/flushhh.com\/vare\/flushhh-sachetter\/#primaryimage\"},\"thumbnailUrl\":\"https:\/\/flushhh.com\/wp-content\/uploads\/2023\/05\/image-77.png\",\"datePublished\":\"2023-05-11T10:19:41+00:00\",\"dateModified\":\"2025-02-18T07:34:21+00:00\",\"description\":\"FLUSHHH er en lille pose, der g\u00f8r dit toiletbes\u00f8g diskret, trygt og helt privat. Uanset hvor du er kan du let og diskret have den med i lommen, h\u00e5nden eller tasken\",\"breadcrumb\":{\"@id\":\"https:\/\/flushhh.com\/vare\/flushhh-sachetter\/#breadcrumb\"},\"inLanguage\":\"en-GB\",\"potentialAction\":[{\"@type\":\"ReadAction\",\"target\":[\"https:\/\/flushhh.com\/vare\/flushhh-sachetter\/\"]}]},{\"@type\":\"ImageObject\",\"inLanguage\":\"en-GB\",\"@id\":\"https:\/\/flushhh.com\/vare\/flushhh-sachetter\/#primaryimage\",\"url\":\"https:\/\/flushhh.com\/wp-content\/uploads\/2023\/05\/image-77.png\",\"contentUrl\":\"https:\/\/flushhh.com\/wp-content\/uploads\/2023\/05\/image-77.png\",\"width\":2640,\"height\":1440},{\"@type\":\"BreadcrumbList\",\"@id\":\"https:\/\/flushhh.com\/vare\/flushhh-sachetter\/#breadcrumb\",\"itemListElement\":[{\"@type\":\"ListItem\",\"position\":1,\"name\":\"Hjem\",\"item\":\"https:\/\/flushhh.com\/\"},{\"@type\":\"ListItem\",\"position\":2,\"name\":\"Shop\",\"item\":\"https:\/\/flushhh.com\/?page_id=2849\"},{\"@type\":\"ListItem\",\"position\":3,\"name\":\"FLUSHHH\"}]},{\"@type\":\"WebSite\",\"@id\":\"https:\/\/flushhh.com\/#website\",\"url\":\"https:\/\/flushhh.com\/\",\"name\":\"Flushhh - Lugtfrit . Lydd\u00e6mpet . Trygt\",\"description\":\"Slut med de pinlige m\u00f8der i toiletd\u00f8ren\",\"potentialAction\":[{\"@type\":\"SearchAction\",\"target\":{\"@type\":\"EntryPoint\",\"urlTemplate\":\"https:\/\/flushhh.com\/?s={search_term_string}\"},\"query-input\":{\"@type\":\"PropertyValueSpecification\",\"valueRequired\":true,\"valueName\":\"search_term_string\"}}],\"inLanguage\":\"en-GB\"}]}<\/script>\n<!-- \/ Yoast SEO plugin. -->","yoast_head_json":{"title":"FLUSHHH - Flushhh - Lugtfrit . Lydd\u00e6mpet . Trygt","description":"FLUSHHH is a small bag that makes your visit to the toilet discreet, safe and completely private. No matter where you are, you can easily and discreetly carry it in your pocket, hand or bag","robots":{"index":"index","follow":"follow","max-snippet":"max-snippet:-1","max-image-preview":"max-image-preview:large","max-video-preview":"max-video-preview:-1"},"canonical":"https:\/\/flushhh.com\/en\/product\/flushhh-sachetter\/","og_locale":"en_GB","og_type":"article","og_title":"FLUSHHH - Flushhh - Lugtfrit . Lydd\u00e6mpet . Trygt","og_description":"FLUSHHH er en lille pose, der g\u00f8r dit toiletbes\u00f8g diskret, trygt og helt privat. Uanset hvor du er kan du let og diskret have den med i lommen, h\u00e5nden eller tasken","og_url":"https:\/\/flushhh.com\/en\/product\/flushhh-sachetter\/","og_site_name":"Flushhh - Lugtfrit . Lydd\u00e6mpet . Trygt","article_modified_time":"2025-02-18T07:34:21+00:00","og_image":[{"width":1024,"height":559,"url":"https:\/\/flushhh.com\/wp-content\/uploads\/2023\/05\/image-77-1024x559.png","type":"image\/png"}],"twitter_card":"summary_large_image","twitter_misc":{"Estimated reading time":"1 minute"},"schema":{"@context":"https:\/\/schema.org","@graph":[{"@type":"WebPage","@id":"https:\/\/flushhh.com\/vare\/flushhh-sachetter\/","url":"https:\/\/flushhh.com\/vare\/flushhh-sachetter\/","name":"FLUSHHH - Flushhh - Lugtfrit . Lydd\u00e6mpet . Trygt","isPartOf":{"@id":"https:\/\/flushhh.com\/#website"},"primaryImageOfPage":{"@id":"https:\/\/flushhh.com\/vare\/flushhh-sachetter\/#primaryimage"},"image":{"@id":"https:\/\/flushhh.com\/vare\/flushhh-sachetter\/#primaryimage"},"thumbnailUrl":"https:\/\/flushhh.com\/wp-content\/uploads\/2023\/05\/image-77.png","datePublished":"2023-05-11T10:19:41+00:00","dateModified":"2025-02-18T07:34:21+00:00","description":"FLUSHHH is a small bag that makes your visit to the toilet discreet, safe and completely private. No matter where you are, you can easily and discreetly carry it in your pocket, hand or bag","breadcrumb":{"@id":"https:\/\/flushhh.com\/vare\/flushhh-sachetter\/#breadcrumb"},"inLanguage":"en-GB","potentialAction":[{"@type":"ReadAction","target":["https:\/\/flushhh.com\/vare\/flushhh-sachetter\/"]}]},{"@type":"ImageObject","inLanguage":"en-GB","@id":"https:\/\/flushhh.com\/vare\/flushhh-sachetter\/#primaryimage","url":"https:\/\/flushhh.com\/wp-content\/uploads\/2023\/05\/image-77.png","contentUrl":"https:\/\/flushhh.com\/wp-content\/uploads\/2023\/05\/image-77.png","width":2640,"height":1440},{"@type":"BreadcrumbList","@id":"https:\/\/flushhh.com\/vare\/flushhh-sachetter\/#breadcrumb","itemListElement":[{"@type":"ListItem","position":1,"name":"Hjem","item":"https:\/\/flushhh.com\/"},{"@type":"ListItem","position":2,"name":"Shop","item":"https:\/\/flushhh.com\/?page_id=2849"},{"@type":"ListItem","position":3,"name":"FLUSHHH"}]},{"@type":"WebSite","@id":"https:\/\/flushhh.com\/#website","url":"https:\/\/flushhh.com\/","name":"Flushhh - Lugtfrit . Lydd\u00e6mpet . Trygt","description":"Slut med de pinlige m\u00f8der i toiletd\u00f8ren","potentialAction":[{"@type":"SearchAction","target":{"@type":"EntryPoint","urlTemplate":"https:\/\/flushhh.com\/?s={search_term_string}"},"query-input":{"@type":"PropertyValueSpecification","valueRequired":true,"valueName":"search_term_string"}}],"inLanguage":"en-GB"}]}},"_links":{"self":[{"href":"https:\/\/flushhh.com\/en\/wp-json\/wp\/v2\/product\/3124","targetHints":{"allow":["GET"]}}],"collection":[{"href":"https:\/\/flushhh.com\/en\/wp-json\/wp\/v2\/product"}],"about":[{"href":"https:\/\/flushhh.com\/en\/wp-json\/wp\/v2\/types\/product"}],"replies":[{"embeddable":true,"href":"https:\/\/flushhh.com\/en\/wp-json\/wp\/v2\/comments?post=3124"}],"wp:featuredmedia":[{"embeddable":true,"href":"https:\/\/flushhh.com\/en\/wp-json\/wp\/v2\/media\/8231"}],"wp:attachment":[{"href":"https:\/\/flushhh.com\/en\/wp-json\/wp\/v2\/media?parent=3124"}],"wp:term":[{"taxonomy":"product_brand","embeddable":true,"href":"https:\/\/flushhh.com\/en\/wp-json\/wp\/v2\/product_brand?post=3124"},{"taxonomy":"product_cat","embeddable":true,"href":"https:\/\/flushhh.com\/en\/wp-json\/wp\/v2\/product_cat?post=3124"},{"taxonomy":"product_tag","embeddable":true,"href":"https:\/\/flushhh.com\/en\/wp-json\/wp\/v2\/product_tag?post=3124"}],"curies":[{"name":"wp","href":"https:\/\/api.w.org\/{rel}","templated":true}]}}