{"id":5693,"date":"2023-11-01T16:40:05","date_gmt":"2023-11-01T16:40:05","guid":{"rendered":"https:\/\/flushhh.com\/?post_type=product&#038;p=5693"},"modified":"2024-01-25T12:13:43","modified_gmt":"2024-01-25T12:13:43","slug":"flushhh-ekstra","status":"publish","type":"product","link":"https:\/\/flushhh.com\/en\/product\/flushhh-ekstra\/","title":{"rendered":"FLUSHHH (Discount)"},"content":{"rendered":"<div class=\"zw-paragraph\" data-width=\"642.8159999999999\" data-textformat=\"{&quot;size&quot;:11.5}\">\n<div class=\"zw-line-div\">\n<div class=\"zw-line-div\">\n<div class=\"zw-line-content\">\n<div class=\"zw-paragraph heading4229231\" data-width=\"642.8159999999999\" data-header=\"4229231\" data-textformat=\"{&quot;size&quot;:11.5}\">\n<div class=\"zw-line-div\">\n<div class=\"zw-line-content\">\n<p class=\"p1\"><span class=\"s1\">FLUSHHH is for those of us, who prefer a private and care-fee visit to the bathroom. FLUSHHH is made-up of a unique compound, consisting of natural food-grade elements, biodegradable soap, and a mild scent. Our world-first formula means it is no longer necessary to reach for a bathroom air spray or rely on a plug-in air freshener. FLUSHHH is guaranteed to protect our planet, whilst making any trip to the toilet perfectly discreet, no matter where you are.<\/span><\/p>\n<\/div>\n<\/div>\n<\/div>\n<\/div>\n<\/div>\n<\/div>\n<\/div>","protected":false},"excerpt":{"rendered":"<div class=\"zw-line-div\">\n<div class=\"zw-line-content\">FLUSHHH is a small bag that makes your visit to the toilet discreet, safe and completely private. No matter where you are, you can easily and discreetly carry it in your pocket, hand or bag<\/div>\n<\/div>","protected":false},"featured_media":3547,"comment_status":"open","ping_status":"closed","template":"","meta":[],"product_brand":[],"product_cat":[26],"product_tag":[],"class_list":{"0":"post-5693","1":"product","2":"type-product","3":"status-publish","4":"has-post-thumbnail","6":"product_cat-tabletter","8":"first","9":"instock","10":"sale","11":"sold-individually","12":"taxable","13":"shipping-taxable","14":"purchasable","15":"product-type-variable","16":"has-default-attributes"},"yoast_head":"<!-- This site is optimized with the Yoast SEO plugin v26.8 - https:\/\/yoast.com\/product\/yoast-seo-wordpress\/ -->\n<title>FLUSHHH (Gaverabat) - Flushhh - Lugtfrit . Lydd\u00e6mpet . Trygt<\/title>\n<meta name=\"description\" content=\"FLUSHHH er en lille pose, der g\u00f8r dit toiletbes\u00f8g diskret, trygt og helt privat. Uanset hvor du er kan du let og diskret have den med i lommen, h\u00e5nden eller tasken\" \/>\n<meta name=\"robots\" content=\"index, follow, max-snippet:-1, max-image-preview:large, max-video-preview:-1\" \/>\n<link rel=\"canonical\" href=\"https:\/\/flushhh.com\/en\/product\/flushhh-ekstra\/\" \/>\n<meta property=\"og:locale\" content=\"en_GB\" \/>\n<meta property=\"og:type\" content=\"article\" \/>\n<meta property=\"og:title\" content=\"FLUSHHH (Gaverabat) - Flushhh - Lugtfrit . Lydd\u00e6mpet . Trygt\" \/>\n<meta property=\"og:description\" content=\"FLUSHHH er en lille pose, der g\u00f8r dit toiletbes\u00f8g diskret, trygt og helt privat. Uanset hvor du er kan du let og diskret have den med i lommen, h\u00e5nden eller tasken\" \/>\n<meta property=\"og:url\" content=\"https:\/\/flushhh.com\/en\/product\/flushhh-ekstra\/\" \/>\n<meta property=\"og:site_name\" content=\"Flushhh - Lugtfrit . Lydd\u00e6mpet . Trygt\" \/>\n<meta property=\"article:modified_time\" content=\"2024-01-25T12:13:43+00:00\" \/>\n<meta property=\"og:image\" content=\"https:\/\/flushhh.com\/wp-content\/uploads\/2023\/05\/Disp-og-t-rulle-e1688125946787.jpg\" \/>\n\t<meta property=\"og:image:width\" content=\"1080\" \/>\n\t<meta property=\"og:image:height\" content=\"769\" \/>\n\t<meta property=\"og:image:type\" content=\"image\/jpeg\" \/>\n<meta name=\"twitter:card\" content=\"summary_large_image\" \/>\n<meta name=\"twitter:label1\" content=\"Estimated reading time\" \/>\n\t<meta name=\"twitter:data1\" content=\"1 minute\" \/>\n<script type=\"application\/ld+json\" class=\"yoast-schema-graph\">{\"@context\":\"https:\/\/schema.org\",\"@graph\":[{\"@type\":\"WebPage\",\"@id\":\"https:\/\/flushhh.com\/vare\/flushhh-ekstra\/\",\"url\":\"https:\/\/flushhh.com\/vare\/flushhh-ekstra\/\",\"name\":\"FLUSHHH (Gaverabat) - Flushhh - Lugtfrit . Lydd\u00e6mpet . Trygt\",\"isPartOf\":{\"@id\":\"https:\/\/flushhh.com\/#website\"},\"primaryImageOfPage\":{\"@id\":\"https:\/\/flushhh.com\/vare\/flushhh-ekstra\/#primaryimage\"},\"image\":{\"@id\":\"https:\/\/flushhh.com\/vare\/flushhh-ekstra\/#primaryimage\"},\"thumbnailUrl\":\"https:\/\/flushhh.com\/wp-content\/uploads\/2023\/05\/Disp-og-t-rulle-e1688125946787.jpg\",\"datePublished\":\"2023-11-01T16:40:05+00:00\",\"dateModified\":\"2024-01-25T12:13:43+00:00\",\"description\":\"FLUSHHH er en lille pose, der g\u00f8r dit toiletbes\u00f8g diskret, trygt og helt privat. Uanset hvor du er kan du let og diskret have den med i lommen, h\u00e5nden eller tasken\",\"breadcrumb\":{\"@id\":\"https:\/\/flushhh.com\/vare\/flushhh-ekstra\/#breadcrumb\"},\"inLanguage\":\"en-GB\",\"potentialAction\":[{\"@type\":\"ReadAction\",\"target\":[\"https:\/\/flushhh.com\/vare\/flushhh-ekstra\/\"]}]},{\"@type\":\"ImageObject\",\"inLanguage\":\"en-GB\",\"@id\":\"https:\/\/flushhh.com\/vare\/flushhh-ekstra\/#primaryimage\",\"url\":\"https:\/\/flushhh.com\/wp-content\/uploads\/2023\/05\/Disp-og-t-rulle-e1688125946787.jpg\",\"contentUrl\":\"https:\/\/flushhh.com\/wp-content\/uploads\/2023\/05\/Disp-og-t-rulle-e1688125946787.jpg\",\"width\":1080,\"height\":769},{\"@type\":\"BreadcrumbList\",\"@id\":\"https:\/\/flushhh.com\/vare\/flushhh-ekstra\/#breadcrumb\",\"itemListElement\":[{\"@type\":\"ListItem\",\"position\":1,\"name\":\"Hjem\",\"item\":\"https:\/\/flushhh.com\/\"},{\"@type\":\"ListItem\",\"position\":2,\"name\":\"Shop\",\"item\":\"https:\/\/flushhh.com\/?page_id=2849\"},{\"@type\":\"ListItem\",\"position\":3,\"name\":\"FLUSHHH (Gaverabat)\"}]},{\"@type\":\"WebSite\",\"@id\":\"https:\/\/flushhh.com\/#website\",\"url\":\"https:\/\/flushhh.com\/\",\"name\":\"Flushhh - Lugtfrit . Lydd\u00e6mpet . Trygt\",\"description\":\"Slut med de pinlige m\u00f8der i toiletd\u00f8ren\",\"potentialAction\":[{\"@type\":\"SearchAction\",\"target\":{\"@type\":\"EntryPoint\",\"urlTemplate\":\"https:\/\/flushhh.com\/?s={search_term_string}\"},\"query-input\":{\"@type\":\"PropertyValueSpecification\",\"valueRequired\":true,\"valueName\":\"search_term_string\"}}],\"inLanguage\":\"en-GB\"}]}<\/script>\n<!-- \/ Yoast SEO plugin. -->","yoast_head_json":{"title":"FLUSHHH (Gaverabat) - Flushhh - Lugtfrit . Lydd\u00e6mpet . Trygt","description":"FLUSHHH is a small bag that makes your visit to the toilet discreet, safe and completely private. No matter where you are, you can easily and discreetly carry it in your pocket, hand or bag","robots":{"index":"index","follow":"follow","max-snippet":"max-snippet:-1","max-image-preview":"max-image-preview:large","max-video-preview":"max-video-preview:-1"},"canonical":"https:\/\/flushhh.com\/en\/product\/flushhh-ekstra\/","og_locale":"en_GB","og_type":"article","og_title":"FLUSHHH (Gaverabat) - Flushhh - Lugtfrit . Lydd\u00e6mpet . Trygt","og_description":"FLUSHHH er en lille pose, der g\u00f8r dit toiletbes\u00f8g diskret, trygt og helt privat. Uanset hvor du er kan du let og diskret have den med i lommen, h\u00e5nden eller tasken","og_url":"https:\/\/flushhh.com\/en\/product\/flushhh-ekstra\/","og_site_name":"Flushhh - Lugtfrit . Lydd\u00e6mpet . Trygt","article_modified_time":"2024-01-25T12:13:43+00:00","og_image":[{"width":1080,"height":769,"url":"https:\/\/flushhh.com\/wp-content\/uploads\/2023\/05\/Disp-og-t-rulle-e1688125946787.jpg","type":"image\/jpeg"}],"twitter_card":"summary_large_image","twitter_misc":{"Estimated reading time":"1 minute"},"schema":{"@context":"https:\/\/schema.org","@graph":[{"@type":"WebPage","@id":"https:\/\/flushhh.com\/vare\/flushhh-ekstra\/","url":"https:\/\/flushhh.com\/vare\/flushhh-ekstra\/","name":"FLUSHHH (Gaverabat) - Flushhh - Lugtfrit . Lydd\u00e6mpet . Trygt","isPartOf":{"@id":"https:\/\/flushhh.com\/#website"},"primaryImageOfPage":{"@id":"https:\/\/flushhh.com\/vare\/flushhh-ekstra\/#primaryimage"},"image":{"@id":"https:\/\/flushhh.com\/vare\/flushhh-ekstra\/#primaryimage"},"thumbnailUrl":"https:\/\/flushhh.com\/wp-content\/uploads\/2023\/05\/Disp-og-t-rulle-e1688125946787.jpg","datePublished":"2023-11-01T16:40:05+00:00","dateModified":"2024-01-25T12:13:43+00:00","description":"FLUSHHH is a small bag that makes your visit to the toilet discreet, safe and completely private. No matter where you are, you can easily and discreetly carry it in your pocket, hand or bag","breadcrumb":{"@id":"https:\/\/flushhh.com\/vare\/flushhh-ekstra\/#breadcrumb"},"inLanguage":"en-GB","potentialAction":[{"@type":"ReadAction","target":["https:\/\/flushhh.com\/vare\/flushhh-ekstra\/"]}]},{"@type":"ImageObject","inLanguage":"en-GB","@id":"https:\/\/flushhh.com\/vare\/flushhh-ekstra\/#primaryimage","url":"https:\/\/flushhh.com\/wp-content\/uploads\/2023\/05\/Disp-og-t-rulle-e1688125946787.jpg","contentUrl":"https:\/\/flushhh.com\/wp-content\/uploads\/2023\/05\/Disp-og-t-rulle-e1688125946787.jpg","width":1080,"height":769},{"@type":"BreadcrumbList","@id":"https:\/\/flushhh.com\/vare\/flushhh-ekstra\/#breadcrumb","itemListElement":[{"@type":"ListItem","position":1,"name":"Hjem","item":"https:\/\/flushhh.com\/"},{"@type":"ListItem","position":2,"name":"Shop","item":"https:\/\/flushhh.com\/?page_id=2849"},{"@type":"ListItem","position":3,"name":"FLUSHHH (Gaverabat)"}]},{"@type":"WebSite","@id":"https:\/\/flushhh.com\/#website","url":"https:\/\/flushhh.com\/","name":"Flushhh - Lugtfrit . Lydd\u00e6mpet . Trygt","description":"Slut med de pinlige m\u00f8der i toiletd\u00f8ren","potentialAction":[{"@type":"SearchAction","target":{"@type":"EntryPoint","urlTemplate":"https:\/\/flushhh.com\/?s={search_term_string}"},"query-input":{"@type":"PropertyValueSpecification","valueRequired":true,"valueName":"search_term_string"}}],"inLanguage":"en-GB"}]}},"_links":{"self":[{"href":"https:\/\/flushhh.com\/en\/wp-json\/wp\/v2\/product\/5693","targetHints":{"allow":["GET"]}}],"collection":[{"href":"https:\/\/flushhh.com\/en\/wp-json\/wp\/v2\/product"}],"about":[{"href":"https:\/\/flushhh.com\/en\/wp-json\/wp\/v2\/types\/product"}],"replies":[{"embeddable":true,"href":"https:\/\/flushhh.com\/en\/wp-json\/wp\/v2\/comments?post=5693"}],"wp:featuredmedia":[{"embeddable":true,"href":"https:\/\/flushhh.com\/en\/wp-json\/wp\/v2\/media\/3547"}],"wp:attachment":[{"href":"https:\/\/flushhh.com\/en\/wp-json\/wp\/v2\/media?parent=5693"}],"wp:term":[{"taxonomy":"product_brand","embeddable":true,"href":"https:\/\/flushhh.com\/en\/wp-json\/wp\/v2\/product_brand?post=5693"},{"taxonomy":"product_cat","embeddable":true,"href":"https:\/\/flushhh.com\/en\/wp-json\/wp\/v2\/product_cat?post=5693"},{"taxonomy":"product_tag","embeddable":true,"href":"https:\/\/flushhh.com\/en\/wp-json\/wp\/v2\/product_tag?post=5693"}],"curies":[{"name":"wp","href":"https:\/\/api.w.org\/{rel}","templated":true}]}}